{"id":8812,"date":"2021-08-10T12:31:23","date_gmt":"2021-08-10T10:31:23","guid":{"rendered":"https:\/\/zentral-reallabor.rptu.de\/?page_id=8812"},"modified":"2021-08-10T13:10:16","modified_gmt":"2021-08-10T11:10:16","slug":"fluch-und-segen-von-folienmulching-in-der-landwirtschaft","status":"publish","type":"page","link":"https:\/\/zentral-reallabor.rptu.de\/?page_id=8812","title":{"rendered":"Fluch und Segen von Folienmulching in der Landwirtschaft"},"content":{"rendered":"\n<blockquote>\n<p><em>&#8220;Als&nbsp;<b>Mulchfolien<\/b>&nbsp;oder&nbsp;<b>Gartenbaufolien<\/b>&nbsp;werden in der&nbsp;Landwirtschaft&nbsp;und im&nbsp;Gartenbau&nbsp;Kunststofffolien&nbsp;bezeichnet, die der Abdeckung des Bodens von&nbsp;Beeten&nbsp;oder&nbsp;Ackerfl\u00e4chen dienen. F\u00fcr die anzubauenden Kulturpflanzen wird die Folie an der Stelle der Aussaat bzw. Pflanzung gelocht. Mulchfolien werden vor allem im Gem\u00fcse- und Erdbeeranbau eingesetzt.&#8221;&nbsp;<\/em>(<a href=\"https:\/\/de.wikipedia.org\/wiki\/Mulchfolie\">Wikipedia, 10.08.2021<\/a>)&nbsp;<\/p>\n<\/blockquote>\n\n\n\n<h4 class=\"wp-block-heading\">Tutorialvideo: Hochbeete aus Weinkisten selbst gebaut<\/h4>\n\n\n\n<figure class=\"wp-block-embed-youtube wp-block-embed is-type-video is-provider-youtube wp-embed-aspect-16-9 wp-has-aspect-ratio\"><div class=\"wp-block-embed__wrapper\">\n<iframe loading=\"lazy\" title=\"Tutorial: Hochbeete aus Weinkisten\" width=\"525\" height=\"295\" src=\"https:\/\/www.youtube.com\/embed\/3NyY5k3v3Mg?feature=oembed\" frameborder=\"0\" allow=\"accelerometer; autoplay; clipboard-write; encrypted-media; gyroscope; picture-in-picture; web-share\" referrerpolicy=\"strict-origin-when-cross-origin\" allowfullscreen><\/iframe>\n<\/div><\/figure>\n\n\n\n<hr class=\"wp-block-separator\"\/>\n\n\n\n<p><code><div class=\"h5p-iframe-wrapper\"><iframe id=\"h5p-iframe-39\" class=\"h5p-iframe\" data-content-id=\"39\" style=\"height:1px\" src=\"about:blank\" frameBorder=\"0\" scrolling=\"no\" title=\"Folienmulching vs Stroh\"><\/iframe><\/div><\/code><\/p>\n\n\n\n<h4 class=\"wp-block-heading\">Vor- und Nachteile von Folienmulching<\/h4>\n\n\n\n<figure class=\"wp-block-table\"><table><tbody><tr><td>\n<h5>Vorteile<\/h5>\n<\/td><td>\n<h5>Nachteile<\/h5>\n<\/td><\/tr><tr><td>\n<p>Boden bleibt locker<\/p>\n<\/td><td>\n<p>Gie\u00dfen gestaltet sich schwierig<\/p>\n<\/td><\/tr><tr><td>\n<p>Geringere Wasserverdunstung<\/p>\n<\/td><td>\n<p>Regenwasser gelangt nur schwer durch die Mulchschicht<\/p>\n<\/td><\/tr><tr><td>\n<p>Fr\u00fcchte haben keinen Kontakt zum Boden \u2192 faulen nicht so leicht und bleiben sauber<\/p>\n<\/td><td>\n<p>N\u00e4hrstoffzufuhr erschwert \u2192 nur durch Fl\u00fcssigd\u00fcnger m\u00f6glich<\/p>\n<\/td><\/tr><tr><td>\n<p>Unkraut wird reduziert<\/p>\n<\/td><td>&nbsp;<\/td><\/tr><tr><td>\n<p>Boden erw\u00e4rmt sich schneller \u2192 Fr\u00fcchte wachsen besser \u2192 h\u00f6herer Ertrag<\/p>\n<\/td><td>&nbsp;<\/td><\/tr><\/tbody><\/table><\/figure>\n\n\n\n<h4 class=\"wp-block-heading\">PDF Ansicht ausgew\u00e4hlter Ergebnisse <\/h4>\n\n\n\n<div class=\"wp-block-pdfjsblock-pdfjs-embed pdfjs-wrapper\"><\/div>\n\n\n\n<h4 class=\"wp-block-heading\">Fazit:<\/h4>\n\n\n\n<p><strong>Vor- und Nachteile Stroh:<br><\/strong>\u2022 Fr\u00fcchte hatten vereinzelt Kontakt zum Boden \u2192 Mulchmaterial sollte ausreichend<br>dick aufgetragen werden<br>\u2022 Kein Unkraut vorhanden<br>\u2022 Boden war nach Regen feuchter als bei der Folie<\/p>\n\n\n\n<p><br><strong>Vor- und Nachteile Folie:<br><\/strong>\u2022 Fr\u00fcchte bleiben sauber, kein Kontakt zur Erde<br>\u2022 Kein Unkraut vorhanden<br>\u2022 Boden hat sich schneller erw\u00e4rmt, ABER: Ertrag war nicht erheblich gr\u00f6\u00dfer als bei<br>Stroh<br>\u2022 Gie\u00dfen war schwieriger<\/p>\n\n\n\n<p><strong>Bodentemperatur:<\/strong><br>\u2022 Je mehr Sonnenstunden, desto h\u00f6her die Temperatur<br><br><strong>Bodenfeuchtigkeit:<\/strong><br>\u2022 Erdbeeren haben einen geringes Wasseraneignungsverm\u00f6gen<br>\u2192Zusammenhang zwischen zugegebenem Wasser und Bodenfeuchtigkeit ist schlecht<br>erkennbar<br>\u2192Erdbeeren m\u00fcssen dauerhaft bew\u00e4ssert werden.<\/p>\n\n\n\n<p><br><strong>Vergleich Temperatur und Feuchtigkeit:<\/strong><br>\u2022 Temperatur und Feuchtigkeit sind bei der Folie im Durchschnitt h\u00f6her<br>\u2192 Temperatur: 1 \u2013 4 \u00b0C<br>\u2192 Feuchtigkeit 10 \u2013 20 %<\/p>\n\n\n\n<hr class=\"wp-block-separator\"\/>\n\n\n\n<p><\/p>\n<h4 class=\"wp-block-heading\">Quizfragen f\u00fcr das digitale Lernabzeichen:<\/h4>\n<p> <\/p>\n<p><code><div class=\"h5p-iframe-wrapper\"><iframe id=\"h5p-iframe-41\" class=\"h5p-iframe\" data-content-id=\"41\" style=\"height:1px\" src=\"about:blank\" frameBorder=\"0\" scrolling=\"no\" title=\"Quiz\"><\/iframe><\/div><\/code><\/p>\n<p><\/p>\n","protected":false},"excerpt":{"rendered":"<p>&#8220;Als&nbsp;Mulchfolien&nbsp;oder&nbsp;Gartenbaufolien&nbsp;werden in der&nbsp;Landwirtschaft&nbsp;und im&nbsp;Gartenbau&nbsp;Kunststofffolien&nbsp;bezeichnet, die der Abdeckung des Bodens von&nbsp;Beeten&nbsp;oder&nbsp;Ackerfl\u00e4chen dienen. F\u00fcr die anzubauenden Kulturpflanzen wird die Folie an der Stelle der Aussaat bzw. Pflanzung gelocht. Mulchfolien werden vor allem im Gem\u00fcse- und Erdbeeranbau eingesetzt.&#8221;&nbsp;(Wikipedia, 10.08.2021)&nbsp; Tutorialvideo: Hochbeete aus Weinkisten selbst gebaut Vor- und Nachteile von Folienmulching Vorteile Nachteile Boden bleibt locker Gie\u00dfen gestaltet sich &hellip; <\/p>\n<p class=\"link-more\"><a href=\"https:\/\/zentral-reallabor.rptu.de\/?page_id=8812\" class=\"more-link\"><span class=\"screen-reader-text\">\u201eFluch und Segen von Folienmulching in der Landwirtschaft\u201c<\/span> weiterlesen<\/a><\/p>\n","protected":false},"author":1,"featured_media":0,"parent":0,"menu_order":0,"comment_status":"closed","ping_status":"closed","template":"","meta":{"footnotes":""},"class_list":["post-8812","page","type-page","status-publish","hentry"],"_links":{"self":[{"href":"https:\/\/zentral-reallabor.rptu.de\/index.php?rest_route=\/wp\/v2\/pages\/8812","targetHints":{"allow":["GET"]}}],"collection":[{"href":"https:\/\/zentral-reallabor.rptu.de\/index.php?rest_route=\/wp\/v2\/pages"}],"about":[{"href":"https:\/\/zentral-reallabor.rptu.de\/index.php?rest_route=\/wp\/v2\/types\/page"}],"author":[{"embeddable":true,"href":"https:\/\/zentral-reallabor.rptu.de\/index.php?rest_route=\/wp\/v2\/users\/1"}],"replies":[{"embeddable":true,"href":"https:\/\/zentral-reallabor.rptu.de\/index.php?rest_route=%2Fwp%2Fv2%2Fcomments&post=8812"}],"version-history":[{"count":23,"href":"https:\/\/zentral-reallabor.rptu.de\/index.php?rest_route=\/wp\/v2\/pages\/8812\/revisions"}],"predecessor-version":[{"id":8844,"href":"https:\/\/zentral-reallabor.rptu.de\/index.php?rest_route=\/wp\/v2\/pages\/8812\/revisions\/8844"}],"wp:attachment":[{"href":"https:\/\/zentral-reallabor.rptu.de\/index.php?rest_route=%2Fwp%2Fv2%2Fmedia&parent=8812"}],"curies":[{"name":"wp","href":"https:\/\/api.w.org\/{rel}","templated":true}]}}