{"id":1206,"date":"2019-07-09T17:24:32","date_gmt":"2019-07-09T15:24:32","guid":{"rendered":"https:\/\/zentral-reallabor.rptu.de\/?page_id=1206"},"modified":"2021-08-30T11:00:11","modified_gmt":"2021-08-30T09:00:11","slug":"umweltfreundliche-stechmueckenbekaempfung","status":"publish","type":"page","link":"https:\/\/zentral-reallabor.rptu.de\/?page_id=1206","title":{"rendered":"Umweltfreundliche Stechm\u00fcckenbek\u00e4mpfung"},"content":{"rendered":"\n<p>Am 09.03.20 wurde der LeLa (LernortLabor) Preis in Dresden vergeben. Mit im Rennen war unsere Sch\u00fclerpraktikantin Sophia Bohlen. Im Sommer erforschte sie bei uns mit Proben aus dem Queichpark nachhaltige Stechm\u00fcckenbek\u00e4mpfung mit Piperin. Sie \u00fcberzeugte die Jury und belegte Platz 1. Wir freuen uns sehr f\u00fcr sie. Herzlichen Gl\u00fcckwunsch!<\/p>\n<p><a href=\"http:\/\/www.lela-magazin.de\/download\/LeLa.magazin.No27.pdf\">Zu ihrem Beitrag: <em>PIPERIN \u2013 eine pfeffrige L\u00f6sung gegen die Plagegeister&nbsp;<\/em>In: LeLa Magazin. Neues aus dem Bundesverband. 27\/2020, S.20\/21.<\/a><\/p>\n<p><img loading=\"lazy\" decoding=\"async\" class=\"size-medium wp-image-4055 aligncenter\" src=\"https:\/\/zentral-reallabor.rptu.de\/wp-content\/uploads\/2020\/03\/WhatsApp-Image-2020-03-09-at-21.29.02-225x300.jpeg\" alt=\"\" width=\"225\" height=\"300\" srcset=\"https:\/\/zentral-reallabor.rptu.de\/wp-content\/uploads\/2020\/03\/WhatsApp-Image-2020-03-09-at-21.29.02-225x300.jpeg 225w, https:\/\/zentral-reallabor.rptu.de\/wp-content\/uploads\/2020\/03\/WhatsApp-Image-2020-03-09-at-21.29.02-768x1024.jpeg 768w, https:\/\/zentral-reallabor.rptu.de\/wp-content\/uploads\/2020\/03\/WhatsApp-Image-2020-03-09-at-21.29.02-1152x1536.jpeg 1152w, https:\/\/zentral-reallabor.rptu.de\/wp-content\/uploads\/2020\/03\/WhatsApp-Image-2020-03-09-at-21.29.02.jpeg 1200w\" sizes=\"auto, (max-width: 225px) 100vw, 225px\" \/><\/p>\n\n\n\n<figure><iframe loading=\"lazy\" width=\"560\" height=\"315\" src=\"https:\/\/www.youtube.com\/embed\/TCr_ZaFjn4I\" allowfullscreen=\"\"><\/iframe><\/figure>\n\n\n\n<center><img decoding=\"async\" width=\"70%\" src=\"https:\/\/zentral-reallabor.rptu.de\/upload\/pics\/stechmueckenlarve.gif\"> <p style=\"font-size:12px;\"><i>Quelle: Laboraufnahme einer Stechm\u00fcckenlarve. Sophia Bohlen.<\/i><\/p><\/center>\n\n\n\n<p><strong>Steckbrief:<\/strong><\/p>\n\n\n\n<ul class=\"wp-block-list\"><li><strong>Sophia Bohlen <\/strong>(17)<\/li><li>Sch\u00fclerpraktikantin im Reallabor Queichland<\/li><li>Alfred Grosser Gymnasium Bad Bergzabern<\/li><li>Forschungsgebiet: Nachhaltige Stechm\u00fcckenbek\u00e4mpfung<\/li><\/ul>\n\n\n\n<p>\u201ePsssssss\u201c &#8211; wer kennt es nicht, das nervige Ger\u00e4usch im Sommer? Jeden Tag \u00e4rgere ich mich \u00fcber die zahlreich juckenden Stiche. <\/p>\n\n\n\n<p>Die Stechm\u00fcckenproblematik spielt schon sehr lange eine gro\u00dfe Rolle. J\u00e4hrlich werden durch die Kommunale Aktionsgemeinschaft zur Bek\u00e4mpfung der Schnakenplage (KABS) am Rheingebiet auf einer Rheinl\u00e4nge von \u00fcber 350 Kilometern riesige Mengen BTI ausgebracht, wodurch eine Gro\u00dfzahl an Stechm\u00fccken abget\u00f6tet werden.<\/p>\n\n\n\n<p>Dieses Stechm\u00fcckenbek\u00e4mpfungsmittel BTI (Bacillus thuringiensis israelensis) stellt jedoch aufgrund seiner negativen Auswirkungen auf das Nahrungsnetz von Feuchtgebieten ein gro\u00dfes Problem dar. Vor allem wurde in Untersuchungsfl\u00e4chen eine 50-prozentige Reduktion der nicht-stechenden und somit harmlosen Zuckm\u00fccken beobachtet. Folglich ist weniger Nahrung f\u00fcr Libellenlarven verf\u00fcgbar, welche wiederum einen gro\u00dfen Nahrungsbestandteil f\u00fcr andere Lebewesen, wie zum Beispiel Fische, darstellen. <\/p>\n\n\n\n<p>Aus diesem Grund ist es dringend notwendig eine geeignete Alternative zu finden, welche weniger in das Nahrungsnetz eingreift. <\/p>\n\n\n\n<p>Durch mein Sch\u00fclerpraktikum an der Universit\u00e4t Koblenz-Landau Ende Juni 2019, im Projekt Reallabor Queichland, hatte ich nun die M\u00f6glichkeit meine eigene Forschungsarbeit mit der Unterst\u00fctzung des Reallabor Teams und der AG-Chemiedidaktik zu verfassen. <\/p>\n\n\n\n<p>Abwechselnd arbeitete ich im Labor, am Queichgel\u00e4nde und im B\u00fcro an einem Arbeitsplatz mit Computer. <\/p>\n\n\n\n<p>Im Labor untersuchte ich die Auswirkungen von m\u00f6glichen alternativen Insektiziden an Stechm\u00fcckenlarven der Gattung Culex. Au\u00dferdem war es von besonderer Bedeutung diese auch an anderen Wasserorganismen, wie kleinen Krebstieren namens Daphnien, zu testen. Somit konnte besser auf die allgemeine \u00d6kovertr\u00e4glichkeit des Insektizides geschlossen werden. <\/p>\n\n\n\n<p>Am Queichgel\u00e4nde untersuchte ich vor allem abgelegene und recht stille Gew\u00e4sserstellen nach Stechm\u00fcckenlarven. Diese waren jedoch nirgends zu finden. Durch die Str\u00f6mung der Queich ist es f\u00fcr Stechm\u00fccken unm\u00f6glich ihre Eier in Form von kleinen Eierschiffchen abzulegen und durch die nat\u00fcrlichen Fressfeinde wie den Fisch und die Libellenlarve w\u00fcrden Stechm\u00fcckenlarven schnell gefressen werden. <\/p>\n\n\n\n<p>Eine B\u00fcrgerbefragung zum Thema Stechm\u00fcckenbek\u00e4mpfung ergab, dass in Landau nur wenige B\u00fcrger ein gro\u00dfes Problem&nbsp; mit Stechm\u00fccken im Sommer haben. Viele sind der Meinung, dass die Plage deutlich nachgelassen hat. Nur wenige sind der festen \u00dcberzeugung, dass sich durch die Renaturierung der Queich dort mehr Stechm\u00fccken aufhalten. Die Mehrheit sagt jedoch, dass sie weniger Stechm\u00fccken ausgesetzt ist und manche zeigten fachliches Wissen und erkl\u00e4ren das verminderte Stechm\u00fcckenvorkommen sofort mit der Str\u00f6mung der Queich.<\/p>\n\n\n\n<p>An meinem Arbeitsplatz im B\u00fcro f\u00fchrte die Auswertung meiner Versuchsreihen vom Labor und der B\u00fcrgerbefragung mithilfe meiner Ansprechpartner der AG-Chemiedidaktik Tobias Przywarra und Britta Rudolf durch.<\/p>\n\n\n\n<p>Mit dieser Forschungsarbeit m\u00f6chte ich mehr Aufmerksamkeit auf die Problematiken des bisher eingesetzten Stechm\u00fcckenbek\u00e4mpfungsmittels lenken und die Bev\u00f6lkerung darauf aufmerksam machen, \u00fcber m\u00f6gliche Alternativen nachzudenken.<\/p>\n\n\n\n<p>An dieser Stelle ein sehr gro\u00dfes Dankesch\u00f6n an das Reallabor Team und die AG Chemiedidaktik, welche mich sowohl fachlich als auch organisatorisch sehr unterst\u00fctzen und \u00fcber den Rahmen des Praktikums hinaus mit sehr vielen Anregungen und Ideen meine Forschung inspirieren und weiterbringen. <\/p>\n\n\n\n<p>Jedem, der eine eigene Forschungsidee im naturwissenschaftlichen Bereich hat, kann ich es sehr empfehlen die M\u00f6glichkeit in Betrachtung zu ziehen, im Reallabor Queichland nach Unterst\u00fctzung, im eigenen Projekt, zu fragen.<\/p>\n\n\n\n<p> Quellen:<br> [1] <a href=\"https:\/\/www.myscience.de\/news\/2019\/projekt_zeigt_negative_auswirkungen_und_alternativen_der_stechmueckenbekaempfung_mit_bti-2019-uni-koblenz-landau\">https:\/\/www.myscience.de\/news\/2019\/projekt_zeigt_negative_auswirkungen_und_alternativen_der_stechmueckenbekaempfung_mit_bti-2019-uni-koblenz-landau<\/a><br> [2 ]https:\/\/www.hessenschau.de\/panorama\/stechmueckenplage-am-rhein-kaputte-hubschrauber-verhindern-bekaempfung,schnakenplage-droht-100.html (Link nicht mehr verf\u00fcgbar)<br> [3] <a href=\"https:\/\/libellenwissen.de\/tag\/nahrung\/\">https:\/\/libellenwissen.de\/tag\/nahrung\/<\/a><br> [4] <a href=\"https:\/\/de.wikipedia.org\/wiki\/Bacillus_thuringiensis_israelensis\">https:\/\/de.wikipedia.org\/wiki\/Bacillus_thuringiensis_israelensis<\/a><br> [5] <a href=\"https:\/\/www.kabsev.de\">https:\/\/www.kabsev.de<\/a> <\/p>\n\n\n\n<h4>SDGs der Seite:<\/h4>\n<table style=\"border-collapse: collapse; width: 100%;\">\n<tbody>\n<tr>\n<td style=\"width: 25%;\"><img loading=\"lazy\" decoding=\"async\" class=\"alignnone size-medium wp-image-5457\" src=\"https:\/\/zentral-reallabor.rptu.de\/wp-content\/uploads\/2020\/06\/SDG-icon-DE-04-300x300.jpg\" alt=\"\" width=\"300\" height=\"300\" srcset=\"https:\/\/zentral-reallabor.rptu.de\/wp-content\/uploads\/2020\/06\/SDG-icon-DE-04-300x300.jpg 300w, https:\/\/zentral-reallabor.rptu.de\/wp-content\/uploads\/2020\/06\/SDG-icon-DE-04-150x150.jpg 150w, https:\/\/zentral-reallabor.rptu.de\/wp-content\/uploads\/2020\/06\/SDG-icon-DE-04-768x768.jpg 768w, https:\/\/zentral-reallabor.rptu.de\/wp-content\/uploads\/2020\/06\/SDG-icon-DE-04-100x100.jpg 100w, https:\/\/zentral-reallabor.rptu.de\/wp-content\/uploads\/2020\/06\/SDG-icon-DE-04.jpg 886w\" sizes=\"auto, (max-width: 300px) 100vw, 300px\" \/><\/td>\n<td style=\"width: 25%;\"><img loading=\"lazy\" decoding=\"async\" class=\"alignnone size-medium wp-image-5466\" src=\"https:\/\/zentral-reallabor.rptu.de\/wp-content\/uploads\/2020\/06\/SDG-icon-DE-13-300x300.jpg\" alt=\"\" width=\"300\" height=\"300\" srcset=\"https:\/\/zentral-reallabor.rptu.de\/wp-content\/uploads\/2020\/06\/SDG-icon-DE-13-300x300.jpg 300w, https:\/\/zentral-reallabor.rptu.de\/wp-content\/uploads\/2020\/06\/SDG-icon-DE-13-150x150.jpg 150w, https:\/\/zentral-reallabor.rptu.de\/wp-content\/uploads\/2020\/06\/SDG-icon-DE-13-768x768.jpg 768w, https:\/\/zentral-reallabor.rptu.de\/wp-content\/uploads\/2020\/06\/SDG-icon-DE-13-100x100.jpg 100w, https:\/\/zentral-reallabor.rptu.de\/wp-content\/uploads\/2020\/06\/SDG-icon-DE-13.jpg 886w\" sizes=\"auto, (max-width: 300px) 100vw, 300px\" \/><\/td>\n<td style=\"width: 25%;\"><img loading=\"lazy\" decoding=\"async\" class=\"alignnone size-medium wp-image-5467\" src=\"https:\/\/zentral-reallabor.rptu.de\/wp-content\/uploads\/2020\/06\/SDG-icon-DE-14-300x300.jpg\" alt=\"\" width=\"300\" height=\"300\" srcset=\"https:\/\/zentral-reallabor.rptu.de\/wp-content\/uploads\/2020\/06\/SDG-icon-DE-14-300x300.jpg 300w, https:\/\/zentral-reallabor.rptu.de\/wp-content\/uploads\/2020\/06\/SDG-icon-DE-14-150x150.jpg 150w, https:\/\/zentral-reallabor.rptu.de\/wp-content\/uploads\/2020\/06\/SDG-icon-DE-14-768x768.jpg 768w, https:\/\/zentral-reallabor.rptu.de\/wp-content\/uploads\/2020\/06\/SDG-icon-DE-14-100x100.jpg 100w, https:\/\/zentral-reallabor.rptu.de\/wp-content\/uploads\/2020\/06\/SDG-icon-DE-14.jpg 886w\" sizes=\"auto, (max-width: 300px) 100vw, 300px\" \/><\/td>\n<td style=\"width: 25%;\"><img loading=\"lazy\" decoding=\"async\" class=\"alignnone size-medium wp-image-5468\" src=\"https:\/\/zentral-reallabor.rptu.de\/wp-content\/uploads\/2020\/06\/SDG-icon-DE-15-300x300.jpg\" alt=\"\" width=\"300\" height=\"300\" srcset=\"https:\/\/zentral-reallabor.rptu.de\/wp-content\/uploads\/2020\/06\/SDG-icon-DE-15-300x300.jpg 300w, https:\/\/zentral-reallabor.rptu.de\/wp-content\/uploads\/2020\/06\/SDG-icon-DE-15-150x150.jpg 150w, https:\/\/zentral-reallabor.rptu.de\/wp-content\/uploads\/2020\/06\/SDG-icon-DE-15-768x768.jpg 768w, https:\/\/zentral-reallabor.rptu.de\/wp-content\/uploads\/2020\/06\/SDG-icon-DE-15-100x100.jpg 100w, https:\/\/zentral-reallabor.rptu.de\/wp-content\/uploads\/2020\/06\/SDG-icon-DE-15.jpg 886w\" sizes=\"auto, (max-width: 300px) 100vw, 300px\" \/><\/td>\n<\/tr>\n<\/tbody>\n<\/table>\n","protected":false},"excerpt":{"rendered":"<p>Am 09.03.20 wurde der LeLa (LernortLabor) Preis in Dresden vergeben. Mit im Rennen war unsere Sch\u00fclerpraktikantin Sophia Bohlen. Im Sommer erforschte sie bei uns mit Proben aus dem Queichpark nachhaltige Stechm\u00fcckenbek\u00e4mpfung mit Piperin. Sie \u00fcberzeugte die Jury und belegte Platz 1. Wir freuen uns sehr f\u00fcr sie. Herzlichen Gl\u00fcckwunsch! Zu ihrem Beitrag: PIPERIN \u2013 eine &hellip; <\/p>\n<p class=\"link-more\"><a href=\"https:\/\/zentral-reallabor.rptu.de\/?page_id=1206\" class=\"more-link\"><span class=\"screen-reader-text\">\u201eUmweltfreundliche Stechm\u00fcckenbek\u00e4mpfung\u201c<\/span> weiterlesen<\/a><\/p>\n","protected":false},"author":1,"featured_media":0,"parent":0,"menu_order":0,"comment_status":"closed","ping_status":"closed","template":"","meta":{"footnotes":""},"class_list":["post-1206","page","type-page","status-publish","hentry"],"_links":{"self":[{"href":"https:\/\/zentral-reallabor.rptu.de\/index.php?rest_route=\/wp\/v2\/pages\/1206","targetHints":{"allow":["GET"]}}],"collection":[{"href":"https:\/\/zentral-reallabor.rptu.de\/index.php?rest_route=\/wp\/v2\/pages"}],"about":[{"href":"https:\/\/zentral-reallabor.rptu.de\/index.php?rest_route=\/wp\/v2\/types\/page"}],"author":[{"embeddable":true,"href":"https:\/\/zentral-reallabor.rptu.de\/index.php?rest_route=\/wp\/v2\/users\/1"}],"replies":[{"embeddable":true,"href":"https:\/\/zentral-reallabor.rptu.de\/index.php?rest_route=%2Fwp%2Fv2%2Fcomments&post=1206"}],"version-history":[{"count":23,"href":"https:\/\/zentral-reallabor.rptu.de\/index.php?rest_route=\/wp\/v2\/pages\/1206\/revisions"}],"predecessor-version":[{"id":8852,"href":"https:\/\/zentral-reallabor.rptu.de\/index.php?rest_route=\/wp\/v2\/pages\/1206\/revisions\/8852"}],"wp:attachment":[{"href":"https:\/\/zentral-reallabor.rptu.de\/index.php?rest_route=%2Fwp%2Fv2%2Fmedia&parent=1206"}],"curies":[{"name":"wp","href":"https:\/\/api.w.org\/{rel}","templated":true}]}}