{"id":1003,"date":"2019-05-27T09:36:00","date_gmt":"2019-05-27T07:36:00","guid":{"rendered":"https:\/\/zentral-reallabor.rptu.de\/?page_id=1003"},"modified":"2022-05-20T14:07:42","modified_gmt":"2022-05-20T12:07:42","slug":"der-queich-auf-der-spur","status":"publish","type":"page","link":"https:\/\/zentral-reallabor.rptu.de\/?page_id=1003","title":{"rendered":"Der Queich auf der Spur"},"content":{"rendered":"\n<p>&nbsp;<\/p>\n<table style=\"border-collapse: collapse; width: 100%;\">\n<tbody>\n<tr>\n<td style=\"width: 50%;\"><img loading=\"lazy\" decoding=\"async\" class=\"alignleft wp-image-7727 size-medium\" src=\"https:\/\/zentral-reallabor.rptu.de\/wp-content\/uploads\/2020\/12\/libby_1-300x212.png\" alt=\"\" width=\"300\" height=\"212\" srcset=\"https:\/\/zentral-reallabor.rptu.de\/wp-content\/uploads\/2020\/12\/libby_1-300x212.png 300w, https:\/\/zentral-reallabor.rptu.de\/wp-content\/uploads\/2020\/12\/libby_1-1024x724.png 1024w, https:\/\/zentral-reallabor.rptu.de\/wp-content\/uploads\/2020\/12\/libby_1-768x543.png 768w, https:\/\/zentral-reallabor.rptu.de\/wp-content\/uploads\/2020\/12\/libby_1-1536x1086.png 1536w, https:\/\/zentral-reallabor.rptu.de\/wp-content\/uploads\/2020\/12\/libby_1.png 2048w\" sizes=\"auto, (max-width: 300px) 100vw, 300px\" \/><\/td>\n<td style=\"width: 50%;\"><img loading=\"lazy\" decoding=\"async\" class=\"size-medium wp-image-7436 alignright\" src=\"https:\/\/zentral-reallabor.rptu.de\/wp-content\/uploads\/2020\/10\/libby_2-300x212.png\" alt=\"\" width=\"300\" height=\"212\" srcset=\"https:\/\/zentral-reallabor.rptu.de\/wp-content\/uploads\/2020\/10\/libby_2-300x212.png 300w, https:\/\/zentral-reallabor.rptu.de\/wp-content\/uploads\/2020\/10\/libby_2-1024x724.png 1024w, https:\/\/zentral-reallabor.rptu.de\/wp-content\/uploads\/2020\/10\/libby_2-768x543.png 768w, https:\/\/zentral-reallabor.rptu.de\/wp-content\/uploads\/2020\/10\/libby_2-1536x1086.png 1536w, https:\/\/zentral-reallabor.rptu.de\/wp-content\/uploads\/2020\/10\/libby_2.png 2048w\" sizes=\"auto, (max-width: 300px) 100vw, 300px\" \/><\/td>\n<\/tr>\n<\/tbody>\n<\/table>\n<p>&nbsp;<\/p>\n<p><img loading=\"lazy\" decoding=\"async\" class=\"aligncenter wp-image-7452 size-large\" src=\"https:\/\/zentral-reallabor.rptu.de\/wp-content\/uploads\/2020\/10\/20200509_135014-1024x768.jpg\" alt=\"\" width=\"525\" height=\"394\" srcset=\"https:\/\/zentral-reallabor.rptu.de\/wp-content\/uploads\/2020\/10\/20200509_135014-1024x768.jpg 1024w, https:\/\/zentral-reallabor.rptu.de\/wp-content\/uploads\/2020\/10\/20200509_135014-300x225.jpg 300w, https:\/\/zentral-reallabor.rptu.de\/wp-content\/uploads\/2020\/10\/20200509_135014-768x576.jpg 768w, https:\/\/zentral-reallabor.rptu.de\/wp-content\/uploads\/2020\/10\/20200509_135014-1536x1152.jpg 1536w, https:\/\/zentral-reallabor.rptu.de\/wp-content\/uploads\/2020\/10\/20200509_135014-scaled.jpg 2048w\" sizes=\"auto, (max-width: 525px) 100vw, 525px\" \/><\/p>\n<p><img loading=\"lazy\" decoding=\"async\" class=\"wp-image-7725 size-large aligncenter\" src=\"https:\/\/zentral-reallabor.rptu.de\/wp-content\/uploads\/2020\/12\/DSC09343-1024x683.jpg\" alt=\"\" width=\"525\" height=\"350\" srcset=\"https:\/\/zentral-reallabor.rptu.de\/wp-content\/uploads\/2020\/12\/DSC09343-1024x683.jpg 1024w, https:\/\/zentral-reallabor.rptu.de\/wp-content\/uploads\/2020\/12\/DSC09343-300x200.jpg 300w, https:\/\/zentral-reallabor.rptu.de\/wp-content\/uploads\/2020\/12\/DSC09343-768x512.jpg 768w, https:\/\/zentral-reallabor.rptu.de\/wp-content\/uploads\/2020\/12\/DSC09343-391x260.jpg 391w, https:\/\/zentral-reallabor.rptu.de\/wp-content\/uploads\/2020\/12\/DSC09343-1536x1024.jpg 1536w, https:\/\/zentral-reallabor.rptu.de\/wp-content\/uploads\/2020\/12\/DSC09343-scaled.jpg 2048w\" sizes=\"auto, (max-width: 525px) 100vw, 525px\" \/><\/p>\n\n\n\n<p>Die Station \u201eDer Queich auf der Spur\u201c ist unterteilt in zwei Stationen, an denen die Besucher*innen die theoretischen Grundlagen zur wissenschaftlichen Gew\u00e4sseruntersuchung erfahren aber auch selbst Daten sammeln k\u00f6nnen und so zur Dokumentation der Entwicklung vor Ort beitragen k\u00f6nnen. Neben einer Informationstafel, die \u00fcber die Konsequenzen von Ver\u00e4nderungen der Gew\u00e4sserqualit\u00e4t am Beispiel der Bachforelle informiert sowie aktuelle Messdaten zur Queich pr\u00e4sentiert, k\u00f6nnen die Besucher*innen im Rahmen des Aktivelements \u201eQueichobservatorium\u201c selbst aktiv werden. Mit Hilfe des Smartphones und dem vorgefertigten Bildausschnitt des Queichobservatoriums k\u00f6nnen die Besucher*innen Bilder des Queichabschnittes per QR-Code auf der Homepage zum Umweltparcours hochladen.<\/p>\n<p>Analysiere die auf unserer Schautafel angegebenen Parameter der Queich. Nutze hierf\u00fcr die&nbsp; Messdaten des Landesamts f\u00fcr Umwelt.&nbsp;<\/p>\n\n\n\n<p style=\"text-align: left;\"><a href=\"https:\/\/zentral-reallabor.rptu.de\/wp-content\/uploads\/2020\/06\/Bachforelle-Salmo-trutta-fario.pdf\">PDF mit Informationen zur Bachforelle (Salmo trutta fario)<\/a><\/p>\n\n\n\n<p><iframe loading=\"lazy\" src=\"https:\/\/geodaten-wasser.rlp-umwelt.de\/prj-wwvauskunft\/projects\/messstellen\/chemie\/register3diag.jsp?messstellenbezeichnung=Queich%2C+Germersheim&amp;messstellenart=null&amp;messstellenartnummer=224&amp;msn=2377526000&amp;param_nr=12140%2F50&amp;intern=true\" width=\"850\" height=\"700\"><\/iframe><\/p>\n\n\n\n<p>Um den Lebensraum der Queich weiter zu entdecken, erkunde die Umgebung auf dieser interaktiven Website! Hinweis: f\u00fcr Desktop-PCs geeignet.<\/p>\n\n\n\n<p><a href=\"https:\/\/www.uni-landau.de\/eeres\/dga\/\">https:\/\/www.uni-landau.de\/eeres\/dga\/<\/a><\/p>\n\n\n\n<figure class=\"wp-block-image size-large\"><a href=\"https:\/\/www.uni-landau.de\/eeres\/dga\/\"><img loading=\"lazy\" decoding=\"async\" width=\"1024\" height=\"575\" src=\"https:\/\/zentral-reallabor.rptu.de\/wp-content\/uploads\/2020\/03\/eeres-1024x575.png\" alt=\"\" class=\"wp-image-4345\" srcset=\"https:\/\/zentral-reallabor.rptu.de\/wp-content\/uploads\/2020\/03\/eeres-1024x575.png 1024w, https:\/\/zentral-reallabor.rptu.de\/wp-content\/uploads\/2020\/03\/eeres-300x168.png 300w, https:\/\/zentral-reallabor.rptu.de\/wp-content\/uploads\/2020\/03\/eeres-768x431.png 768w, https:\/\/zentral-reallabor.rptu.de\/wp-content\/uploads\/2020\/03\/eeres-1536x862.png 1536w, https:\/\/zentral-reallabor.rptu.de\/wp-content\/uploads\/2020\/03\/eeres.png 1613w\" sizes=\"auto, (max-width: 706px) 89vw, (max-width: 767px) 82vw, 740px\" \/><\/a><\/figure>\n\n\n\n<hr class=\"wp-block-separator\"\/>\n\n\n\n","protected":false},"excerpt":{"rendered":"<p>&nbsp; &nbsp; Die Station \u201eDer Queich auf der Spur\u201c ist unterteilt in zwei Stationen, an denen die Besucher*innen die theoretischen Grundlagen zur wissenschaftlichen Gew\u00e4sseruntersuchung erfahren aber auch selbst Daten sammeln k\u00f6nnen und so zur Dokumentation der Entwicklung vor Ort beitragen k\u00f6nnen. Neben einer Informationstafel, die \u00fcber die Konsequenzen von Ver\u00e4nderungen der Gew\u00e4sserqualit\u00e4t am Beispiel der &hellip; <\/p>\n<p class=\"link-more\"><a href=\"https:\/\/zentral-reallabor.rptu.de\/?page_id=1003\" class=\"more-link\"><span class=\"screen-reader-text\">\u201eDer Queich auf der Spur\u201c<\/span> weiterlesen<\/a><\/p>\n","protected":false},"author":1,"featured_media":0,"parent":0,"menu_order":0,"comment_status":"closed","ping_status":"closed","template":"","meta":{"footnotes":""},"class_list":["post-1003","page","type-page","status-publish","hentry"],"_links":{"self":[{"href":"https:\/\/zentral-reallabor.rptu.de\/index.php?rest_route=\/wp\/v2\/pages\/1003","targetHints":{"allow":["GET"]}}],"collection":[{"href":"https:\/\/zentral-reallabor.rptu.de\/index.php?rest_route=\/wp\/v2\/pages"}],"about":[{"href":"https:\/\/zentral-reallabor.rptu.de\/index.php?rest_route=\/wp\/v2\/types\/page"}],"author":[{"embeddable":true,"href":"https:\/\/zentral-reallabor.rptu.de\/index.php?rest_route=\/wp\/v2\/users\/1"}],"replies":[{"embeddable":true,"href":"https:\/\/zentral-reallabor.rptu.de\/index.php?rest_route=%2Fwp%2Fv2%2Fcomments&post=1003"}],"version-history":[{"count":28,"href":"https:\/\/zentral-reallabor.rptu.de\/index.php?rest_route=\/wp\/v2\/pages\/1003\/revisions"}],"predecessor-version":[{"id":9467,"href":"https:\/\/zentral-reallabor.rptu.de\/index.php?rest_route=\/wp\/v2\/pages\/1003\/revisions\/9467"}],"wp:attachment":[{"href":"https:\/\/zentral-reallabor.rptu.de\/index.php?rest_route=%2Fwp%2Fv2%2Fmedia&parent=1003"}],"curies":[{"name":"wp","href":"https:\/\/api.w.org\/{rel}","templated":true}]}}